{"id":607,"date":"2022-06-15T10:18:17","date_gmt":"2022-06-15T10:18:17","guid":{"rendered":"https:\/\/startersites.io\/stagingfour\/?page_id=607"},"modified":"2025-03-17T15:42:05","modified_gmt":"2025-03-17T15:42:05","slug":"nosotros","status":"publish","type":"page","link":"https:\/\/campamentoschiri.com\/home\/nosotros\/","title":{"rendered":"Nosotros"},"content":{"rendered":"\n<div class=\"wp-block-stackable-columns alignfull stk-block-columns stk-block stk-51b2b12 stk-block-background stk--has-background-overlay\" data-block-id=\"51b2b12\"><style>.stk-51b2b12 .stk--block-align-51b2b12{align-items:center !important;}.stk-51b2b12 {background-color:linear-gradient(0deg,rgba(76,60,171,0.34) 0%,rgba(0,0,0,0.49) 100%) !important;background-image:url(https:\/\/campamentoschiri.com\/home\/wp-content\/uploads\/2025\/03\/baner_nosotros.jpg) !important;background-position:bottom center !important;background-repeat:no-repeat !important;background-size:cover !important;padding-top:300px !important;padding-bottom:200px !important;margin-bottom:0px !important;}.stk-51b2b12:before{opacity:0.6 !important;background-image:linear-gradient(0deg,rgba(76,60,171,0.34) 0%,rgba(0,0,0,0.49) 100%) !important;}.stk-51b2b12-column{--stk-column-gap:35px !important;row-gap:35px !important;}@media screen and (max-width:999px){.stk-51b2b12 {padding-top:250px !important;padding-bottom:150px !important;}}@media screen and (max-width:689px){.stk-51b2b12 {padding-top:150px !important;padding-bottom:100px !important;}}<\/style><div class=\"stk-row stk-inner-blocks stk--block-align-51b2b12 stk-block-content stk-content-align stk-51b2b12-column\">\n<div class=\"wp-block-stackable-column stk-block-column stk-column stk-block stk-3a43e6b\" data-v=\"4\" data-block-id=\"3a43e6b\"><style>.stk-3a43e6b-container{margin-top:0px !important;margin-right:0px !important;margin-bottom:0px !important;margin-left:0px !important;}<\/style><div class=\"stk-column-wrapper stk-block-column__content stk-container stk-3a43e6b-container stk--no-background stk--no-padding\"><div class=\"has-text-align-center-mobile stk-block-content stk-inner-blocks stk-3a43e6b-inner-blocks\">\n<div class=\"wp-block-stackable-heading stk-block-heading stk-block-heading--v2 stk-block stk-7225c59\" id=\"quienes-somos\" data-block-id=\"7225c59\"><style>.stk-7225c59 {margin-bottom:10px !important;}.stk-7225c59 .stk-block-heading__text{font-size:45px !important;color:var(--theme-palette-color-8, #ffffff) !important;line-height:1.3em !important;font-weight:800 !important;}@media screen and (max-width:999px){.stk-7225c59 .stk-block-heading__text{font-size:40px !important;}}@media screen and (max-width:689px){.stk-7225c59 .stk-block-heading__text{font-size:30px !important;}}<\/style><h2 class=\"stk-block-heading__text has-text-color has-text-align-center\">Qui\u00e9nes Somos?<\/h2><\/div>\n\n\n\n<div class=\"wp-block-stackable-text stk-block-text stk-block stk-81505a5\" data-block-id=\"81505a5\"><style>.stk-81505a5 .stk-block-text__text{color:var(--theme-palette-color-8, #ffffff) !important;}<\/style><p class=\"stk-block-text__text has-text-color has-text-align-center\">Acerca de nosotros<\/p><\/div>\n<\/div><\/div><\/div>\n<\/div><\/div>\n\n\n\n<div class=\"wp-block-stackable-spacer stk-block-spacer stk--no-padding stk-block stk-8b0b25e\" data-block-id=\"8b0b25e\"><style>.stk-8b0b25e {height:130px !important;}@media screen and (max-width:999px){.stk-8b0b25e {height:70px !important;}}<\/style><\/div>\n\n\n\n<div class=\"wp-block-stackable-columns stk-block-columns stk-block stk-30b6a6a\" data-block-id=\"30b6a6a\"><style>.stk-30b6a6a .stk--block-align-30b6a6a{align-items:center !important;}.stk-30b6a6a {margin-bottom:0px !important;}.stk-30b6a6a-column{--stk-column-gap:80px !important;row-gap:80px !important;}<\/style><div class=\"stk-row stk-inner-blocks stk--block-align-30b6a6a stk-block-content stk-content-align stk-30b6a6a-column\">\n<div class=\"wp-block-stackable-column stk-block-column stk-column stk-block stk-7f5ced8\" data-v=\"4\" data-block-id=\"7f5ced8\"><style>.stk-7f5ced8-container{margin-top:0px !important;margin-right:0px !important;margin-bottom:0px !important;margin-left:0px !important;}@media screen and (min-width:690px){.stk-7f5ced8 {flex:var(--stk-flex-grow, 1) 1 calc(42% - var(--stk-column-gap, 0px) * 1 \/ 2 ) !important;}}@media screen and (min-width:690px) and (max-width:999px){.stk-7f5ced8 {flex:var(--stk-flex-grow, 1) 1 calc(100% - var(--stk-column-gap, 0px) * 0 \/ 1 ) !important;}}<\/style><div class=\"stk-column-wrapper stk-block-column__content stk-container stk-7f5ced8-container stk--no-background stk--no-padding\"><div class=\"has-text-align-center-tablet has-text-align-center-mobile stk-block-content stk-inner-blocks stk-7f5ced8-inner-blocks\">\n<div class=\"wp-block-stackable-heading stk-block-heading stk-block-heading--v2 stk-block stk-5f755c1\" id=\"acerca-de-nosotros\" data-block-id=\"5f755c1\"><style>.stk-5f755c1 {margin-bottom:20px !important;}.stk-5f755c1 .stk-block-heading__text{font-size:45px !important;line-height:1.3em !important;font-weight:800 !important;}@media screen and (max-width:999px){.stk-5f755c1 .stk-block-heading__text{font-size:40px !important;}}@media screen and (max-width:689px){.stk-5f755c1 .stk-block-heading__text{font-size:30px !important;}}<\/style><h2 class=\"stk-block-heading__text stk-block-heading--use-theme-margins\">Acerca de Nosotros<\/h2><\/div>\n\n\n\n<div class=\"wp-block-stackable-text stk-block-text stk-block stk-43c9604\" data-block-id=\"43c9604\"><style>.stk-43c9604 {margin-bottom:30px !important;}@media screen and (max-width:999px){.stk-43c9604 {margin-bottom:30px !important;}}<\/style><p class=\"stk-block-text__text\">En CHIRI Hermanos, usted podr\u00e1 encontrar toda una variedad de toldos y carpas para todo tipo de ambientes y necesidades con dise\u00f1os elegantes y exclusivos hechos de acuerdo a sus requerimientos y exigencias. En todo momento buscamos captar sus preferencias y ofrecerle el mejor servicio demostrando seriedad y compromiso en el cumplimiento de los plazos previamente pactados.<br>Ll\u00e1menos o vis\u00edtenos sin ning\u00fan compromiso para poder orientarlo y tratar de despejar todas sus dudas. Somos fabricantes. Atendemos a provincias.<br><\/p><\/div>\n<\/div><\/div><\/div>\n\n\n\n<div class=\"wp-block-stackable-column stk-block-column stk-column stk-block stk-51f7c33\" data-v=\"4\" data-block-id=\"51f7c33\"><style>.stk-51f7c33-container{margin-top:0px !important;margin-right:0px !important;margin-bottom:0px !important;margin-left:0px !important;}@media screen and (min-width:690px){.stk-51f7c33 {flex:var(--stk-flex-grow, 1) 1 calc(58% - var(--stk-column-gap, 0px) * 1 \/ 2 ) !important;}}@media screen and (min-width:690px) and (max-width:999px){.stk-51f7c33 {flex:var(--stk-flex-grow, 1) 1 calc(100% - var(--stk-column-gap, 0px) * 0 \/ 1 ) !important;}}<\/style><div class=\"stk-column-wrapper stk-block-column__content stk-container stk-51f7c33-container stk--no-background stk--no-padding\"><div class=\"has-text-align-center-tablet has-text-align-center-mobile stk-block-content stk-inner-blocks stk-51f7c33-inner-blocks\">\n<div class=\"wp-block-stackable-columns stk-block-columns stk-block stk-3b607ac\" data-block-id=\"3b607ac\"><style>.stk-3b607ac-column{--stk-column-gap:30px !important;row-gap:30px !important;}<\/style><div class=\"stk-row stk-inner-blocks stk-block-content stk-content-align stk-3b607ac-column\">\n<div class=\"wp-block-stackable-column stk-block-column stk-column stk-block stk-b7d2362\" data-v=\"4\" data-block-id=\"b7d2362\"><style>.stk-b7d2362-container{margin-top:0px !important;margin-right:0px !important;margin-bottom:0px !important;margin-left:0px !important;}<\/style><div class=\"stk-column-wrapper stk-block-column__content stk-container stk-b7d2362-container stk--no-background stk--no-padding\"><div class=\"stk-block-content stk-inner-blocks stk-b7d2362-inner-blocks\">\n<div class=\"wp-block-stackable-icon stk-block-icon has-text-align-center stk-block stk-393d25a\" data-block-id=\"393d25a\"><span class=\"stk--svg-wrapper\"><div class=\"stk--inner-svg\"><svg style=\"height:0;width:0\"><defs><linearGradient id=\"linear-gradient-393d25a\" x1=\"0\" x2=\"100%\" y1=\"0\" y2=\"0\"><stop offset=\"0%\" style=\"stop-opacity:1;stop-color:var(--linear-gradient-393-d-25-a-color-1)\"><\/stop><stop offset=\"100%\" style=\"stop-opacity:1;stop-color:var(--linear-gradient-393-d-25-a-color-2)\"><\/stop><\/linearGradient><\/defs><\/svg><svg xmlns=\"http:\/\/www.w3.org\/2000\/svg\" viewBox=\"0 0 576 512\" aria-hidden=\"true\" width=\"32\" height=\"32\"><path d=\"M208 80c0-26.5 21.5-48 48-48h64c26.5 0 48 21.5 48 48v64c0 26.5-21.5 48-48 48h-8v40H464c30.9 0 56 25.1 56 56v32h8c26.5 0 48 21.5 48 48v64c0 26.5-21.5 48-48 48H464c-26.5 0-48-21.5-48-48V368c0-26.5 21.5-48 48-48h8V288c0-4.4-3.6-8-8-8H312v40h8c26.5 0 48 21.5 48 48v64c0 26.5-21.5 48-48 48H256c-26.5 0-48-21.5-48-48V368c0-26.5 21.5-48 48-48h8V280H112c-4.4 0-8 3.6-8 8v32h8c26.5 0 48 21.5 48 48v64c0 26.5-21.5 48-48 48H48c-26.5 0-48-21.5-48-48V368c0-26.5 21.5-48 48-48h8V288c0-30.9 25.1-56 56-56H264V192h-8c-26.5 0-48-21.5-48-48V80z\"><\/path><\/svg><\/div><\/span><\/div>\n\n\n\n<div class=\"wp-block-stackable-heading stk-block-heading stk-block-heading--v2 stk-block stk-9852c0c\" id=\"mision\" data-block-id=\"9852c0c\"><style>.stk-9852c0c {margin-bottom:10px !important;}.stk-9852c0c .stk-block-heading__text{font-size:20px !important;}@media screen and (max-width:999px){.stk-9852c0c .stk-block-heading__text{font-size:20px !important;}}<\/style><h3 class=\"stk-block-heading__text has-text-align-center\">Misi\u00f3n<\/h3><\/div>\n\n\n\n<div class=\"wp-block-stackable-text stk-block-text stk-block stk-dcbb95c\" data-block-id=\"dcbb95c\"><style>.stk-dcbb95c {margin-right:50px !important;margin-bottom:50px !important;margin-left:50px !important;}<\/style><p class=\"stk-block-text__text has-text-align-center\">Nuestra misi\u00f3n como empresa es satisfacer las necesidades de la demanda nacional , hoy por hoy y crecer como una empresa s\u00f3lida y bien organizada.<\/p><\/div>\n\n\n\n<div class=\"wp-block-stackable-icon stk-block-icon has-text-align-center stk-block stk-90582b9\" data-block-id=\"90582b9\"><span class=\"stk--svg-wrapper\"><div class=\"stk--inner-svg\"><svg style=\"height:0;width:0\"><defs><linearGradient id=\"linear-gradient-90582b9\" x1=\"0\" x2=\"100%\" y1=\"0\" y2=\"0\"><stop offset=\"0%\" style=\"stop-opacity:1;stop-color:var(--linear-gradient-90582-b-9-color-1)\"><\/stop><stop offset=\"100%\" style=\"stop-opacity:1;stop-color:var(--linear-gradient-90582-b-9-color-2)\"><\/stop><\/linearGradient><\/defs><\/svg><svg xmlns=\"http:\/\/www.w3.org\/2000\/svg\" viewBox=\"0 0 640 512\" aria-hidden=\"true\" width=\"32\" height=\"32\"><path d=\"M0 241.1C0 161 65 96 145.1 96c38.5 0 75.4 15.3 102.6 42.5L320 210.7l72.2-72.2C419.5 111.3 456.4 96 494.9 96C575 96 640 161 640 241.1v29.7C640 351 575 416 494.9 416c-38.5 0-75.4-15.3-102.6-42.5L320 301.3l-72.2 72.2C220.5 400.7 183.6 416 145.1 416C65 416 0 351 0 270.9V241.1zM274.7 256l-72.2-72.2c-15.2-15.2-35.9-23.8-57.4-23.8C100.3 160 64 196.3 64 241.1v29.7c0 44.8 36.3 81.1 81.1 81.1c21.5 0 42.2-8.5 57.4-23.8L274.7 256zm90.5 0l72.2 72.2c15.2 15.2 35.9 23.8 57.4 23.8c44.8 0 81.1-36.3 81.1-81.1V241.1c0-44.8-36.3-81.1-81.1-81.1c-21.5 0-42.2 8.5-57.4 23.8L365.3 256z\"><\/path><\/svg><\/div><\/span><\/div>\n\n\n\n<div class=\"wp-block-stackable-heading stk-block-heading stk-block-heading--v2 stk-block stk-6b0ce0d\" id=\"vision\" data-block-id=\"6b0ce0d\"><style>.stk-6b0ce0d {margin-bottom:10px !important;}.stk-6b0ce0d .stk-block-heading__text{font-size:20px !important;}@media screen and (max-width:999px){.stk-6b0ce0d .stk-block-heading__text{font-size:20px !important;}}<\/style><h3 class=\"stk-block-heading__text has-text-align-center\">Visi\u00f3n<\/h3><\/div>\n\n\n\n<div class=\"wp-block-stackable-text stk-block-text stk-block stk-ca70004\" data-block-id=\"ca70004\"><style>.stk-ca70004 {margin-right:50px !important;margin-bottom:50px !important;margin-left:50px !important;}<\/style><p class=\"stk-block-text__text has-text-align-center\">Nuestra visi\u00f3n es ser una empresa l\u00edder a nivel nacional en el dise\u00f1o, producci\u00f3n, mantenimiento, y servicios en general para consolidarnos y seguir expandiendo nuestros productos en general. Generar valor a nuestra empresa, a nuestros colaboradores y a nuestra comunidad<\/p><\/div>\n<\/div><\/div><\/div>\n<\/div><\/div>\n<\/div><\/div><\/div>\n<\/div><\/div>\n\n\n\n<div class=\"wp-block-stackable-spacer stk-block-spacer stk--no-padding stk-block stk-bf33017\" data-block-id=\"bf33017\"><style>.stk-bf33017 {height:130px !important;}@media screen and (max-width:999px){.stk-bf33017 {height:70px !important;}}<\/style><\/div>\n\n\n\n<div class=\"wp-block-stackable-columns alignfull stk-block-columns stk-block stk-80ce3af stk-block-background stk--has-background-overlay\" data-block-id=\"80ce3af\"><style>.stk-80ce3af {background-color:linear-gradient(180deg, #ffffff 50%, var(--theme-palette-color-4, #102136) 50%) !important;margin-bottom:0px !important;}.stk-80ce3af:before{background-image:linear-gradient(180deg, #ffffff 50%, var(--theme-palette-color-4, #102136) 50%) !important;}<\/style><div class=\"stk-row stk-inner-blocks stk-block-content stk-content-align stk-80ce3af-column\">\n<div class=\"wp-block-stackable-column stk-block-column stk-column stk-block stk-6ddbaf2 stk-block-background stk--has-background-overlay\" data-v=\"4\" data-block-id=\"6ddbaf2\"><style>.stk-6ddbaf2-container{margin-top:0px !important;margin-right:0px !important;margin-bottom:0px !important;margin-left:0px !important;}.stk-6ddbaf2 {background-color:linear-gradient(0deg,rgba(56,48,209,0.05) 0%,rgba(0,0,0,0.5) 100%) !important;background-image:url(https:\/\/campamentoschiri.com\/home\/wp-content\/uploads\/2025\/03\/baner_piepagina.jpg) !important;background-attachment:fixed !important;border-top-left-radius:10px !important;border-top-right-radius:10px !important;border-bottom-right-radius:10px !important;border-bottom-left-radius:10px !important;overflow:hidden !important;padding-top:100px !important;padding-right:300px !important;padding-bottom:100px !important;padding-left:300px !important;}.stk-6ddbaf2:before{opacity:0.5 !important;background-image:linear-gradient(0deg,rgba(56,48,209,0.05) 0%,rgba(0,0,0,0.5) 100%) !important;}@media screen and (max-width:999px){.stk-6ddbaf2 {padding-top:80px !important;padding-right:150px !important;padding-bottom:80px !important;padding-left:150px !important;}}@media screen and (max-width:689px){.stk-6ddbaf2 {padding-top:60px !important;padding-right:50px !important;padding-bottom:60px !important;padding-left:50px !important;}}<\/style><div class=\"stk-column-wrapper stk-block-column__content stk-container stk-6ddbaf2-container stk--no-background stk--no-padding\"><div class=\"has-text-align-center stk-block-content stk-inner-blocks stk-6ddbaf2-inner-blocks\">\n<div class=\"wp-block-stackable-heading stk-block-heading stk-block-heading--v2 stk-block stk-8054442\" id=\"construyamos-algo-juntos\" data-block-id=\"8054442\"><style>.stk-8054442 {margin-bottom:10px !important;}.stk-8054442 .stk-block-heading__text{color:var(--theme-palette-color-8, #ffffff) !important;font-weight:800 !important;}@media screen and (max-width:689px){.stk-8054442 .stk-block-heading__text{font-size:25px !important;}}<\/style><h2 class=\"stk-block-heading__text has-text-color stk-block-heading--use-theme-margins\">Construyamos algo juntos<\/h2><\/div>\n\n\n\n<div class=\"wp-block-stackable-text stk-block-text stk-block stk-7e574b6\" data-block-id=\"7e574b6\"><style>.stk-7e574b6 {margin-bottom:40px !important;}.stk-7e574b6 .stk-block-text__text{color:var(--theme-palette-color-8, #ffffff) !important;}<\/style><p class=\"stk-block-text__text has-text-color\">Somos fabricantes. Atendemos a provincias.<\/p><\/div>\n\n\n\n<div class=\"wp-block-stackable-button-group stk-block-button-group stk-block stk-cc4a772\" data-block-id=\"cc4a772\"><div class=\"stk-row stk-inner-blocks stk-block-content stk-button-group\">\n<div class=\"wp-block-stackable-button stk-block-button stk-block stk-f63b751\" data-block-id=\"f63b751\"><style>.stk-f63b751 .stk-button{padding-top:12px !important;padding-right:30px !important;padding-bottom:12px !important;padding-left:30px !important;}<\/style><a class=\"stk-link stk-button stk--hover-effect-darken\" href=\"#\"><span class=\"stk-button__inner-text\">CONT\u00c1CTANOS<\/span><\/a><\/div>\n<\/div><\/div>\n<\/div><\/div><\/div>\n<\/div><\/div>\n\n\n\n<p><\/p>\n","protected":false},"excerpt":{"rendered":"<p>Qui\u00e9nes Somos? Acerca de nosotros Acerca de Nosotros En CHIRI Hermanos, usted podr\u00e1 encontrar toda una variedad de toldos y carpas para todo tipo de ambientes y necesidades con dise\u00f1os elegantes y exclusivos hechos de acuerdo a sus requerimientos y exigencias. En todo momento buscamos captar sus preferencias y ofrecerle el mejor servicio demostrando seriedad [&hellip;]<\/p>\n","protected":false},"author":1,"featured_media":0,"parent":0,"menu_order":0,"comment_status":"closed","ping_status":"closed","template":"","meta":{"footnotes":""},"class_list":["post-607","page","type-page","status-publish","hentry"],"blocksy_meta":{"page_title_panel":"","has_hero_section":"disabled","fe1c64ab89945cda534f4bb2d579ae1a":"","hero_section":"type-1","hero_elements":[{"id":"custom_title","enabled":true,"heading_tag":"h1","title":"Home"},{"id":"custom_description","enabled":true,"description_visibility":{"desktop":true,"tablet":true,"mobile":false}},{"id":"custom_meta","enabled":false,"meta_elements":[{"id":"author","enabled":true,"label":"By","has_author_avatar":"yes","avatar_size":25},{"id":"post_date","enabled":true,"label":"On","date_format_source":"default","date_format":"M j, Y"},{"id":"updated_date","enabled":false,"label":"On","date_format_source":"default","date_format":"M j, Y"},{"id":"categories","enabled":false,"label":"In","style":"simple"},{"id":"comments","enabled":true}],"page_meta_elements":{"joined":true,"articles_count":true,"comments":true}},{"id":"breadcrumbs","enabled":false}],"433b02732bec8d55ec282f00a9a700eb":"","hero_alignment1":"CT_CSS_SKIP_RULE","hero_margin":40,"hero_alignment2":"center","hero_vertical_alignment":"center","fdbb34d69d6afe2394c07d96c9ea0b60":"","hero_structure":"narrow","cb306aece5e91b9a44875e4a81075440":"","page_title_bg_type":"featured_image","custom_hero_background":{"attachment_id":null},"page_title_image_size":"full","parallax":{"desktop":false,"tablet":false,"mobile":false},"034bc954f3c533bc75ffdf62670c8395":"","hero_height":"250px","pageTitleFont":{"family":"Default","variation":"Default","size":"30px","line-height":"CT_CSS_SKIP_RULE","letter-spacing":"CT_CSS_SKIP_RULE","text-transform":"CT_CSS_SKIP_RULE","text-decoration":"CT_CSS_SKIP_RULE"},"pageTitleFontColor":{"default":{"color":"CT_CSS_SKIP_RULEDEFAULT"}},"pageMetaFont":{"family":"Default","variation":"n6","size":"12px","line-height":"1.3","letter-spacing":"CT_CSS_SKIP_RULE","text-transform":"uppercase","text-decoration":"CT_CSS_SKIP_RULE"},"pageMetaFontColor":{"default":{"color":"CT_CSS_SKIP_RULEDEFAULT"},"hover":{"color":"CT_CSS_SKIP_RULEDEFAULT"}},"page_meta_button_type_font_colors":{"default":{"color":"CT_CSS_SKIP_RULEDEFAULT"},"hover":{"color":"CT_CSS_SKIP_RULEDEFAULT"}},"page_meta_button_type_background_colors":{"default":{"color":"CT_CSS_SKIP_RULEDEFAULT"},"hover":{"color":"CT_CSS_SKIP_RULEDEFAULT"}},"pageExcerptFont":{"family":"Default","variation":"Default","size":"CT_CSS_SKIP_RULE","line-height":"CT_CSS_SKIP_RULE","letter-spacing":"CT_CSS_SKIP_RULE","text-transform":"CT_CSS_SKIP_RULE","text-decoration":"CT_CSS_SKIP_RULE"},"pageExcerptColor":{"default":{"color":"CT_CSS_SKIP_RULEDEFAULT"}},"breadcrumbsFont":{"family":"Default","variation":"Default","size":"CT_CSS_SKIP_RULE","line-height":"CT_CSS_SKIP_RULE","letter-spacing":"CT_CSS_SKIP_RULE","text-transform":"CT_CSS_SKIP_RULE","text-decoration":"CT_CSS_SKIP_RULE"},"breadcrumbsFontColor":{"default":{"color":"CT_CSS_SKIP_RULEDEFAULT"},"initial":{"color":"CT_CSS_SKIP_RULEDEFAULT"},"hover":{"color":"CT_CSS_SKIP_RULEDEFAULT"}},"pageTitleOverlay":{"background_type":"color","background_pattern":"type-1","background_image":{"attachment_id":null,"x":0,"y":0},"gradient":"linear-gradient(135deg,rgba(6,147,227,1) 0%,rgb(155,81,224) 100%)","background_repeat":"repeat","background_size":"auto","background_attachment":"scroll","patternColor":{"default":{"color":"#e5e7ea"}},"overlayColor":{"default":{"color":"CT_CSS_SKIP_RULE"}},"backgroundColor":{"default":{"color":"CT_CSS_SKIP_RULE"}}},"pageTitleBackground":{"background_type":"color","background_pattern":"type-1","background_image":{"attachment_id":null,"x":0,"y":0},"gradient":"linear-gradient(135deg,rgba(6,147,227,1) 0%,rgb(155,81,224) 100%)","background_repeat":"repeat","background_size":"auto","background_attachment":"scroll","patternColor":{"default":{"color":"#e5e7ea"}},"overlayColor":{"default":{"color":"CT_CSS_SKIP_RULE"}},"backgroundColor":{"default":{"color":"var(--theme-palette-color-6)"}}},"pageTitlePadding":{"top":"50px","bottom":"50px","left":"auto","right":"auto","linked":true},"12e455f30de1d15aed0effbbb6f951bf":"","page_structure_type":"default","f474d2f3ad69b4e64f52dac0a3aa2bb2":"","content_style_source":"inherit","content_style":"wide","vertical_spacing_source":"custom","content_area_spacing":"none","background":{"background_type":"color","background_pattern":"type-1","background_image":{"attachment_id":null,"x":0,"y":0},"gradient":"linear-gradient(135deg,rgba(6,147,227,1) 0%,rgb(155,81,224) 100%)","background_repeat":"repeat","background_size":"auto","background_attachment":"scroll","patternColor":{"default":{"color":"#e5e7ea"}},"overlayColor":{"default":{"color":"CT_CSS_SKIP_RULE"}},"backgroundColor":{"default":{"color":"CT_CSS_SKIP_RULE"}}},"content_background":{"background_type":"color","background_pattern":"type-1","background_image":{"attachment_id":null,"x":0,"y":0},"gradient":"linear-gradient(135deg,rgba(6,147,227,1) 0%,rgb(155,81,224) 100%)","background_repeat":"repeat","background_size":"auto","background_attachment":"scroll","patternColor":{"default":{"color":"#e5e7ea"}},"overlayColor":{"default":{"color":"CT_CSS_SKIP_RULE"}},"backgroundColor":{"default":{"color":"var(--theme-palette-color-8)"}}},"content_boxed_shadow":{"inherit":false,"blur":18,"spread":-6,"v_offset":12,"h_offset":0,"inset":false,"enable":true,"color":{"color":"rgba(34, 56, 101, 0.04)"}},"content_boxed_border":{"width":1,"style":"none","color":{"color":"rgba(44,62,80,0.2)"}},"content_boxed_radius":{"top":"3px","bottom":"3px","left":"3px","right":"3px","linked":true},"boxed_content_spacing":{"desktop":{"top":"40px","bottom":"40px","left":"40px","right":"40px","linked":true},"tablet":{"top":"35px","bottom":"35px","left":"35px","right":"35px","linked":true},"mobile":{"top":"20px","bottom":"20px","left":"20px","right":"20px","linked":true}},"fca9f1d1c7aa58a4b21dd78357f6373e":"","disable_featured_image":"no","disable_share_box":"no","disable_header":"no","disable_footer":"no","styles_descriptor":{"styles":{"desktop":"","tablet":"","mobile":""},"google_fonts":[],"version":6}},"_links":{"self":[{"href":"https:\/\/campamentoschiri.com\/home\/wp-json\/wp\/v2\/pages\/607","targetHints":{"allow":["GET"]}}],"collection":[{"href":"https:\/\/campamentoschiri.com\/home\/wp-json\/wp\/v2\/pages"}],"about":[{"href":"https:\/\/campamentoschiri.com\/home\/wp-json\/wp\/v2\/types\/page"}],"author":[{"embeddable":true,"href":"https:\/\/campamentoschiri.com\/home\/wp-json\/wp\/v2\/users\/1"}],"replies":[{"embeddable":true,"href":"https:\/\/campamentoschiri.com\/home\/wp-json\/wp\/v2\/comments?post=607"}],"version-history":[{"count":10,"href":"https:\/\/campamentoschiri.com\/home\/wp-json\/wp\/v2\/pages\/607\/revisions"}],"predecessor-version":[{"id":766,"href":"https:\/\/campamentoschiri.com\/home\/wp-json\/wp\/v2\/pages\/607\/revisions\/766"}],"wp:attachment":[{"href":"https:\/\/campamentoschiri.com\/home\/wp-json\/wp\/v2\/media?parent=607"}],"curies":[{"name":"wp","href":"https:\/\/api.w.org\/{rel}","templated":true}]}}